{"id":258,"date":"2020-05-08T17:28:33","date_gmt":"2020-05-08T14:28:33","guid":{"rendered":"http:\/\/v1.denizenerjisistemleri.com\/?page_id=258"},"modified":"2020-05-08T20:21:31","modified_gmt":"2020-05-08T17:21:31","slug":"yangin-tesisati","status":"publish","type":"page","link":"https:\/\/www.denizenerjisistemleri.com\/?page_id=258","title":{"rendered":"Yang\u0131n Tesisat\u0131"},"content":{"rendered":"<p>[vc_row rt_row_background_width=&#8221;fullwidth&#8221; rt_row_content_width=&#8221;default&#8221; rt_row_style=&#8221;alt-style-2&#8243; rt_row_borders=&#8221;&#8221; rt_row_shadows=&#8221;&#8221; rt_row_paddings=&#8221;true&#8221; rt_bg_effect=&#8221;parallax&#8221; rt_bg_parallax_effect=&#8221;1&#8243; rt_bg_image_repeat=&#8221;repeat&#8221; rt_bg_size=&#8221;cover&#8221; rt_bg_position=&#8221;center top&#8221; rt_bg_video_format=&#8221;self-hosted&#8221; rt_bg_image=&#8221;3963&#8243; rt_padding_top=&#8221;190&#8243; rt_padding_bottom=&#8221;0&#8243;][vc_column width=&#8221;1\/2&#8243; rt_column_shadow=&#8221;&#8221; rt_bg_image_repeat=&#8221;repeat&#8221; rt_bg_size=&#8221;auto auto&#8221; rt_bg_attachment=&#8221;scroll&#8221;][vc_custom_heading text=&#8221;Yang\u0131n Tesisat\u0131&#8221;][\/vc_column][vc_column width=&#8221;1\/2&#8243; rt_column_shadow=&#8221;&#8221; rt_bg_image_repeat=&#8221;repeat&#8221; rt_bg_size=&#8221;auto auto&#8221; rt_bg_attachment=&#8221;scroll&#8221;][vc_column_text][\/vc_column_text][\/vc_column][\/vc_row][vc_row rt_row_background_width=&#8221;fullwidth&#8221; rt_row_content_width=&#8221;default&#8221; rt_row_style=&#8221;default-style&#8221; rt_row_borders=&#8221;&#8221; rt_row_shadows=&#8221;&#8221; rt_row_paddings=&#8221;true&#8221; rt_bg_effect=&#8221;classic&#8221; rt_bg_image_repeat=&#8221;repeat&#8221; rt_bg_size=&#8221;cover&#8221; rt_bg_position=&#8221;right top&#8221; rt_bg_attachment=&#8221;scroll&#8221; rt_bg_video_format=&#8221;self-hosted&#8221; rt_padding_bottom=&#8221;160&#8243;][vc_column width=&#8221;1\/2&#8243; rt_column_shadow=&#8221;&#8221; rt_bg_image_repeat=&#8221;repeat&#8221; rt_bg_size=&#8221;auto auto&#8221; rt_bg_attachment=&#8221;scroll&#8221;][vc_column_text]Yang\u0131n Tesisat\u0131 Standartlar ve yasal zorunluluklar \u00e7er\u00e7evesinde, yap\u0131ya \u00f6zel yang\u0131n senaryolar\u0131 do\u011frultusunda , binalar\u0131n yang\u0131ndan koruma sistemi tasarlan\u0131r. Yang\u0131n senaryolar\u0131 \u015fu ana ba\u015fl\u0131klar alt\u0131nda olu\u015fturulur.<\/p>\n<p>* Yang\u0131n Alg\u0131lama Sistemi<br \/>\n* Yang\u0131n Duyuru Sistemi<br \/>\n* Gaz Kontrol\u00fc (Do\u011falgaz Tesisat\u0131 &#8230;)<br \/>\n* Yang\u0131n S\u00f6nd\u00fcrme Sistemleri<br \/>\n* Duman Kontrol Sistemi<br \/>\n* Ka\u00e7\u0131\u015f Ve Tahliye Sistemi<br \/>\n* Kontroller Ve \u0130zlemeler<br \/>\n* Deprem Kontrol\u00fc<\/p>\n<p>Bunlardan, yang\u0131n s\u00f6nd\u00fcrme sistemleri ve duman kontrol\u00fc, mekanik tesisat m\u00fchendisli\u011finin ana konusudur. Yang\u0131n tesisatlar\u0131nda \u00fclkemizde en yayg\u0131nolarak Amerikan NFPA (National Fire\u00a0Protection Association) standartlar\u0131 ile Avrupa standartlar\u0131 uygulanmaktad\u0131r. Yang\u0131n s\u00f6nd\u00fcrme sistemleri iki ana ba\u015fl\u0131k alt\u0131nda toplanabilir.[\/vc_column_text][\/vc_column][vc_column width=&#8221;1\/2&#8243; rt_column_shadow=&#8221;&#8221; rt_bg_image_repeat=&#8221;repeat&#8221; rt_bg_size=&#8221;auto auto&#8221; rt_bg_attachment=&#8221;scroll&#8221; rt_bg_color=&#8221;&#8221; rt_bg_overlay_color=&#8221;&#8221; rt_padding_left=&#8221;30&#8243; rt_padding_right=&#8221;30&#8243; rt_margin_top=&#8221;-200&#8243;][vc_images_carousel images=&#8221;380,381,382,383,384&#8243; img_size=&#8221;full&#8221; autoplay=&#8221;yes&#8221; css_animation=&#8221;rotateIn&#8221;][\/vc_column][\/vc_row][vc_row][vc_column][vc_column_text]<\/p>\n<p class=\"font_7\"><strong>Sulu S\u00f6nd\u00fcrme Sistemleri :<\/strong>\u00a0Tesisatda kullan\u0131lan s\u00f6nd\u00fcrme ekipmanlar\u0131, yang\u0131n dolab\u0131 ve sprinklerdir. Sprinkler, belli s\u0131cakl\u0131\u011fa geldi\u011finde a\u00e7\u0131lan ya\u011fmurlama ba\u015fl\u0131\u011f\u0131d\u0131r. Sulu s\u00f6nd\u00fcrme sistemleri, kuru borulu ve \u0131slak borulu olmak \u00fczere ikiye ayr\u0131l\u0131r.<\/p>\n<p class=\"font_7\"><strong>Kuru borulu sistemde,<\/strong>\u00a0s\u00f6nd\u00fcrme tesisat\u0131n\u0131n giri\u015finde kuru alarm vanas\u0131 vard\u0131r. S\u00f6nd\u00fcrme tesisat\u0131 bas\u0131n\u00e7l\u0131 hava ile doludur. S\u00f6nd\u00fcrme tesisat\u0131ndaki sprinkler veya yang\u0131n dolab\u0131 a\u00e7\u0131ld\u0131\u011f\u0131nda tesisattaki hava bas\u0131nc\u0131 d\u00fc\u015fer. Hava bas\u0131nc\u0131 belli de\u011fere d\u00fc\u015ft\u00fc\u011f\u00fcnde, kuru alarm vanas\u0131 a\u00e7\u0131larak, s\u00f6nd\u00fcrme tesisat\u0131na su girecektir. Genelde donma tehlikesi olan yerlerde kullan\u0131l\u0131r.<\/p>\n<p class=\"font_7\"><strong>Islak borulu sistemde,<\/strong>\u00a0s\u00f6nd\u00fcrme tesisat\u0131 giri\u015finde \u0131slak alarm vanas\u0131 vard\u0131r. S\u00f6nd\u00fcrme tesisat\u0131nda bas\u0131n\u00e7l\u0131 su haz\u0131rda bekler. Suyun bas\u0131nc\u0131 d\u00fc\u015ft\u00fc\u011f\u00fcnde, \u0131slak alarm vanas\u0131 a\u00e7\u0131l\u0131r ve kendisine ba\u011fl\u0131 gongu \u00e7ald\u0131r\u0131r.<\/p>\n<p class=\"font_7\"><strong>Gazl\u0131 S\u00f6nd\u00fcrme Sistemleri :\u00a0<\/strong>Bilgi i\u015flem odalar\u0131, ar\u015fiv odalar\u0131 gibi suyun verece\u011fi zarar\u0131n y\u00fcksek olaca\u011f\u0131 yerlerde gazl\u0131 s\u00f6nd\u00fcrme sistemleri kullan\u0131l\u0131r. Oda, yang\u0131n an\u0131nda k\u0131sa s\u00fcrede FM 200 veya NOVEC gaz\u0131 ile doldurulur. Yanma i\u00e7in gerekli olan hava ortamdan uzakla\u015ft\u0131r\u0131larak, yang\u0131n s\u00f6nd\u00fcr\u00fclm\u00fc\u015f<br \/>\nolur.<\/p>\n<p>[\/vc_column_text][\/vc_column][\/vc_row]<\/p>\n","protected":false},"excerpt":{"rendered":"<p>[vc_row rt_row_background_width=&#8221;fullwidth&#8221; rt_row_content_width=&#8221;default&#8221; rt_row_style=&#8221;alt-style-2&#8243; rt_row_borders=&#8221;&#8221; rt_row_shadows=&#8221;&#8221; rt_row_paddings=&#8221;true&#8221; rt_bg_effect=&#8221;parallax&#8221; rt_bg_parallax_effect=&#8221;1&#8243; rt_bg_image_repeat=&#8221;repeat&#8221; rt_bg_size=&#8221;cover&#8221; rt_bg_position=&#8221;center top&#8221; rt_bg_video_format=&#8221;self-hosted&#8221; rt_bg_image=&#8221;3963&#8243; rt_padding_top=&#8221;190&#8243; rt_padding_bottom=&#8221;0&#8243;][vc_column width=&#8221;1\/2&#8243; rt_column_shadow=&#8221;&#8221; rt_bg_image_repeat=&#8221;repeat&#8221; rt_bg_size=&#8221;auto auto&#8221; rt_bg_attachment=&#8221;scroll&#8221;][vc_custom_heading text=&#8221;Yang\u0131n Tesisat\u0131&#8221;][\/vc_column][vc_column width=&#8221;1\/2&#8243;<span class=\"excerpt-hellip\"> [\u2026]<\/span><\/p>\n","protected":false},"author":1,"featured_media":0,"parent":242,"menu_order":0,"comment_status":"closed","ping_status":"closed","template":"","meta":[],"_links":{"self":[{"href":"https:\/\/www.denizenerjisistemleri.com\/index.php?rest_route=\/wp\/v2\/pages\/258"}],"collection":[{"href":"https:\/\/www.denizenerjisistemleri.com\/index.php?rest_route=\/wp\/v2\/pages"}],"about":[{"href":"https:\/\/www.denizenerjisistemleri.com\/index.php?rest_route=\/wp\/v2\/types\/page"}],"author":[{"embeddable":true,"href":"https:\/\/www.denizenerjisistemleri.com\/index.php?rest_route=\/wp\/v2\/users\/1"}],"replies":[{"embeddable":true,"href":"https:\/\/www.denizenerjisistemleri.com\/index.php?rest_route=%2Fwp%2Fv2%2Fcomments&post=258"}],"version-history":[{"count":3,"href":"https:\/\/www.denizenerjisistemleri.com\/index.php?rest_route=\/wp\/v2\/pages\/258\/revisions"}],"predecessor-version":[{"id":385,"href":"https:\/\/www.denizenerjisistemleri.com\/index.php?rest_route=\/wp\/v2\/pages\/258\/revisions\/385"}],"up":[{"embeddable":true,"href":"https:\/\/www.denizenerjisistemleri.com\/index.php?rest_route=\/wp\/v2\/pages\/242"}],"wp:attachment":[{"href":"https:\/\/www.denizenerjisistemleri.com\/index.php?rest_route=%2Fwp%2Fv2%2Fmedia&parent=258"}],"curies":[{"name":"wp","href":"https:\/\/api.w.org\/{rel}","templated":true}]}}