{"id":254,"date":"2020-05-08T17:26:48","date_gmt":"2020-05-08T14:26:48","guid":{"rendered":"http:\/\/v1.denizenerjisistemleri.com\/?page_id=254"},"modified":"2020-05-08T19:39:25","modified_gmt":"2020-05-08T16:39:25","slug":"sifonik-sistemler","status":"publish","type":"page","link":"https:\/\/www.denizenerjisistemleri.com\/?page_id=254","title":{"rendered":"Sifonik Sistemler"},"content":{"rendered":"<p>[vc_row rt_row_background_width=&#8221;fullwidth&#8221; rt_row_content_width=&#8221;default&#8221; rt_row_style=&#8221;alt-style-2&#8243; rt_row_borders=&#8221;&#8221; rt_row_shadows=&#8221;&#8221; rt_row_paddings=&#8221;true&#8221; rt_bg_effect=&#8221;parallax&#8221; rt_bg_parallax_effect=&#8221;1&#8243; rt_bg_image_repeat=&#8221;repeat&#8221; rt_bg_size=&#8221;cover&#8221; rt_bg_position=&#8221;center top&#8221; rt_bg_video_format=&#8221;self-hosted&#8221; rt_bg_image=&#8221;3963&#8243; rt_padding_top=&#8221;190&#8243; rt_padding_bottom=&#8221;0&#8243;][vc_column width=&#8221;1\/2&#8243; rt_column_shadow=&#8221;&#8221; rt_bg_image_repeat=&#8221;repeat&#8221; rt_bg_size=&#8221;auto auto&#8221; rt_bg_attachment=&#8221;scroll&#8221;][vc_custom_heading text=&#8221;Sifonik Sistemler&#8221;][\/vc_column][vc_column width=&#8221;1\/2&#8243; rt_column_shadow=&#8221;&#8221; rt_bg_image_repeat=&#8221;repeat&#8221; rt_bg_size=&#8221;auto auto&#8221; rt_bg_attachment=&#8221;scroll&#8221;][vc_column_text][\/vc_column_text][\/vc_column][\/vc_row][vc_row rt_row_background_width=&#8221;fullwidth&#8221; rt_row_content_width=&#8221;default&#8221; rt_row_style=&#8221;default-style&#8221; rt_row_borders=&#8221;&#8221; rt_row_shadows=&#8221;&#8221; rt_row_paddings=&#8221;true&#8221; rt_bg_effect=&#8221;classic&#8221; rt_bg_image_repeat=&#8221;repeat&#8221; rt_bg_size=&#8221;cover&#8221; rt_bg_position=&#8221;right top&#8221; rt_bg_attachment=&#8221;scroll&#8221; rt_bg_video_format=&#8221;self-hosted&#8221; rt_padding_bottom=&#8221;160&#8243;][vc_column width=&#8221;1\/2&#8243; rt_column_shadow=&#8221;&#8221; rt_bg_image_repeat=&#8221;repeat&#8221; rt_bg_size=&#8221;auto auto&#8221; rt_bg_attachment=&#8221;scroll&#8221;][vc_column_text]Deniz Enerji Sistemleri, sadece konvansiyonel \u00e7at\u0131 drenaj sistemlerinde de\u011fil, ayn\u0131 zamanda, geni\u015f ve e\u011fimsiz \u00e7at\u0131lar\u0131n g\u00fcvenle drenaj\u0131n\u0131 sa\u011flayabilecek sifonik drenaj sistemlerinde de alan\u0131n\u0131n en geli\u015fmi\u015f ve emniyetli \u00fcr\u00fcnlerini sunmaktad\u0131r. Ne kadar karma\u015f\u0131k bir sisteme ihtiya\u00e7 duyulursa duyulsun, Deniz Enerji Sistemleri, sifonik \u00e7at\u0131 sistemleri ile en d\u00fc\u015f\u00fck montaj\/bak\u0131m maliyeti ve maksimum fonksiyonellik sa\u011flayacak bir \u00e7\u00f6z\u00fcm sunabiliriz.<\/p>\n<p>Deniz Enerji Sistemleri, sifonik \u00e7at\u0131 s\u00fczge\u00e7leri, opsiyonel yang\u0131n kartu\u015fu ile kullan\u0131larak \u00e7at\u0131lardaki yang\u0131n g\u00fcvenli\u011fi en \u00fcst seviyeye \u00e7\u0131kar\u0131labilir. B\u00f6ylece binan\u0131za ek yang\u0131n y\u00fck\u00fc getirmeden \u00e7at\u0131 drenaj\u0131 sorunlar\u0131n\u0131z\u0131 ortadan kald\u0131rm\u0131\u015f olursunuz.<\/p>\n<p>Deniz Enerji Sistemleri, sifonik sistemler, paslanmaz \u00e7elik borulama sistemi ile y\u00fcksek yang\u0131n dayan\u0131m\u0131 sa\u011flarken, t\u00fcm detaylar\u0131 \u00e7\u00f6z\u00fclm\u00fc\u015f kaynaks\u0131z, birbiri i\u00e7erisine ge\u00e7erek kilitlenebilen ve \u00f6zel bir ask\u0131 sistemine ihtiya\u00e7 duymayan yap\u0131s\u0131 sayesinde i\u015f\u00e7ilik maliyetlerini en aza indirir. Paslanmaz \u00e7elik borular, \u00e7evre ko\u015fullar\u0131na maksimum dayan\u0131m sa\u011flar ve binan\u0131za estetik katar.[\/vc_column_text][\/vc_column][vc_column width=&#8221;1\/2&#8243; rt_column_shadow=&#8221;&#8221; rt_bg_image_repeat=&#8221;repeat&#8221; rt_bg_size=&#8221;auto auto&#8221; rt_bg_attachment=&#8221;scroll&#8221; rt_bg_color=&#8221;&#8221; rt_bg_overlay_color=&#8221;&#8221; rt_padding_left=&#8221;30&#8243; rt_padding_right=&#8221;30&#8243; rt_margin_top=&#8221;-200&#8243;][vc_images_carousel images=&#8221;365,366,367,368,369&#8243; img_size=&#8221;full&#8221; autoplay=&#8221;yes&#8221; css_animation=&#8221;rotateIn&#8221;][\/vc_column][\/vc_row][vc_row][vc_column][\/vc_column][\/vc_row]<\/p>\n","protected":false},"excerpt":{"rendered":"<p>[vc_row rt_row_background_width=&#8221;fullwidth&#8221; rt_row_content_width=&#8221;default&#8221; rt_row_style=&#8221;alt-style-2&#8243; rt_row_borders=&#8221;&#8221; rt_row_shadows=&#8221;&#8221; rt_row_paddings=&#8221;true&#8221; rt_bg_effect=&#8221;parallax&#8221; rt_bg_parallax_effect=&#8221;1&#8243; rt_bg_image_repeat=&#8221;repeat&#8221; rt_bg_size=&#8221;cover&#8221; rt_bg_position=&#8221;center top&#8221; rt_bg_video_format=&#8221;self-hosted&#8221; rt_bg_image=&#8221;3963&#8243; rt_padding_top=&#8221;190&#8243; rt_padding_bottom=&#8221;0&#8243;][vc_column width=&#8221;1\/2&#8243; rt_column_shadow=&#8221;&#8221; rt_bg_image_repeat=&#8221;repeat&#8221; rt_bg_size=&#8221;auto auto&#8221; rt_bg_attachment=&#8221;scroll&#8221;][vc_custom_heading text=&#8221;Sifonik Sistemler&#8221;][\/vc_column][vc_column width=&#8221;1\/2&#8243;<span class=\"excerpt-hellip\"> [\u2026]<\/span><\/p>\n","protected":false},"author":1,"featured_media":0,"parent":242,"menu_order":0,"comment_status":"closed","ping_status":"closed","template":"","meta":[],"_links":{"self":[{"href":"https:\/\/www.denizenerjisistemleri.com\/index.php?rest_route=\/wp\/v2\/pages\/254"}],"collection":[{"href":"https:\/\/www.denizenerjisistemleri.com\/index.php?rest_route=\/wp\/v2\/pages"}],"about":[{"href":"https:\/\/www.denizenerjisistemleri.com\/index.php?rest_route=\/wp\/v2\/types\/page"}],"author":[{"embeddable":true,"href":"https:\/\/www.denizenerjisistemleri.com\/index.php?rest_route=\/wp\/v2\/users\/1"}],"replies":[{"embeddable":true,"href":"https:\/\/www.denizenerjisistemleri.com\/index.php?rest_route=%2Fwp%2Fv2%2Fcomments&post=254"}],"version-history":[{"count":3,"href":"https:\/\/www.denizenerjisistemleri.com\/index.php?rest_route=\/wp\/v2\/pages\/254\/revisions"}],"predecessor-version":[{"id":370,"href":"https:\/\/www.denizenerjisistemleri.com\/index.php?rest_route=\/wp\/v2\/pages\/254\/revisions\/370"}],"up":[{"embeddable":true,"href":"https:\/\/www.denizenerjisistemleri.com\/index.php?rest_route=\/wp\/v2\/pages\/242"}],"wp:attachment":[{"href":"https:\/\/www.denizenerjisistemleri.com\/index.php?rest_route=%2Fwp%2Fv2%2Fmedia&parent=254"}],"curies":[{"name":"wp","href":"https:\/\/api.w.org\/{rel}","templated":true}]}}