{"id":252,"date":"2020-05-08T17:26:26","date_gmt":"2020-05-08T14:26:26","guid":{"rendered":"http:\/\/v1.denizenerjisistemleri.com\/?page_id=252"},"modified":"2020-05-08T18:56:43","modified_gmt":"2020-05-08T15:56:43","slug":"dogalgaz-ve-lpg-tesisatlari","status":"publish","type":"page","link":"https:\/\/www.denizenerjisistemleri.com\/?page_id=252","title":{"rendered":"Do\u011falgaz ve LPG Tesisatlar\u0131"},"content":{"rendered":"<p>[vc_row rt_row_background_width=&#8221;fullwidth&#8221; rt_row_content_width=&#8221;default&#8221; rt_row_style=&#8221;alt-style-2&#8243; rt_row_borders=&#8221;&#8221; rt_row_shadows=&#8221;&#8221; rt_row_paddings=&#8221;true&#8221; rt_bg_effect=&#8221;parallax&#8221; rt_bg_parallax_effect=&#8221;1&#8243; rt_bg_image_repeat=&#8221;repeat&#8221; rt_bg_size=&#8221;cover&#8221; rt_bg_position=&#8221;center top&#8221; rt_bg_video_format=&#8221;self-hosted&#8221; rt_bg_image=&#8221;3963&#8243; rt_padding_top=&#8221;190&#8243; rt_padding_bottom=&#8221;0&#8243;][vc_column width=&#8221;1\/2&#8243; rt_column_shadow=&#8221;&#8221; rt_bg_image_repeat=&#8221;repeat&#8221; rt_bg_size=&#8221;auto auto&#8221; rt_bg_attachment=&#8221;scroll&#8221;][vc_custom_heading text=&#8221;Do\u011falgaz ve LPG Tesisatlar\u0131&#8221;][\/vc_column][vc_column width=&#8221;1\/2&#8243; rt_column_shadow=&#8221;&#8221; rt_bg_image_repeat=&#8221;repeat&#8221; rt_bg_size=&#8221;auto auto&#8221; rt_bg_attachment=&#8221;scroll&#8221;][vc_column_text][\/vc_column_text][\/vc_column][\/vc_row][vc_row rt_row_background_width=&#8221;fullwidth&#8221; rt_row_content_width=&#8221;default&#8221; rt_row_style=&#8221;default-style&#8221; rt_row_borders=&#8221;&#8221; rt_row_shadows=&#8221;&#8221; rt_row_paddings=&#8221;true&#8221; rt_bg_effect=&#8221;classic&#8221; rt_bg_image_repeat=&#8221;repeat&#8221; rt_bg_size=&#8221;cover&#8221; rt_bg_position=&#8221;right top&#8221; rt_bg_attachment=&#8221;scroll&#8221; rt_bg_video_format=&#8221;self-hosted&#8221; rt_padding_bottom=&#8221;160&#8243;][vc_column width=&#8221;1\/2&#8243; rt_column_shadow=&#8221;&#8221; rt_bg_image_repeat=&#8221;repeat&#8221; rt_bg_size=&#8221;auto auto&#8221; rt_bg_attachment=&#8221;scroll&#8221;][vc_column_text]<span class=\"\\&quot;\\\\&quot;style8\\\\&quot;\\&quot;\">\u2013\u00a0<\/span>Sanayi Tesisatlar\u0131<br \/>\n<span class=\"\\&quot;\\\\&quot;style8\\\\&quot;\\&quot;\">\u2013\u00a0<\/span>Alt Yap\u0131 Tesisatlar\u0131<br \/>\n<span class=\"\\&quot;\\\\&quot;style8\\\\&quot;\\&quot;\">\u2013\u00a0<\/span>\u0130\u015fyeri Tesisatlar\u0131<br \/>\n<span class=\"\\&quot;\\\\&quot;style8\\\\&quot;\\&quot;\">\u2013\u00a0<\/span>Dolum Tesisatlar\u0131<\/p>\n<p>Do\u011falgaz her t\u00fcrl\u00fc end\u00fcstri, sanayi, toplu\u00a0 konut ve konutlar\u0131n ekonomik oldu\u011fu\u00a0 s\u00fcrece vazge\u00e7ilmez enerji kayna\u011f\u0131d\u0131r.\u00a0 Yak\u0131t olarak di\u011fer yak\u0131tlara g\u00f6re baca gaz\u0131\u00a0 emisyonu a\u00e7\u0131s\u0131ndan en \u00e7evreci yak\u0131t\u00a0 t\u00fcr\u00fcd\u00fcr. Kullan\u0131m kolayl\u0131\u011f\u0131 ve ucuz olmas\u0131\u00a0 bak\u0131m\u0131ndan sanayi tesislerinde tercih\u00a0 edilen yak\u0131tlar\u0131n ba\u015f\u0131nda gelir. Sanayi\u00a0 tesislerinin do\u011falgaz d\u00f6n\u00fc\u015f\u00fcm\u00fc, teknik\u00a0 \u015fartnameler \u00e7er\u00e7evesinde, gaz\u0131n teslim\u00a0 noktas\u0131nda yak\u0131c\u0131 cihaz ve \u00a0\u00fcnitelerine<\/p>\n<p>kadar boru \u015febeke ve bu \u015febekeler dahilinde teknik emniyetin sa\u011flanmas\u0131, t\u00fcm\u00a0 kademelerde gaz\u0131n ak\u0131\u015f\u0131ndan yanma noktas\u0131na kadar belirlenen teknik esaslar\u00a0 dahilinde olmal\u0131d\u0131r. Sanayi tesislerinde ihtiya\u00e7 duyulan gaz debisi ve bas\u0131n\u00e7 de\u011ferleri gaz\u00a0 teslim noktalar\u0131na kadar %100 maksimum kapasite art\u0131\u015f\u0131na uygun olmal\u0131d\u0131r.[\/vc_column_text][\/vc_column][vc_column width=&#8221;1\/2&#8243; rt_column_shadow=&#8221;&#8221; rt_bg_image_repeat=&#8221;repeat&#8221; rt_bg_size=&#8221;auto auto&#8221; rt_bg_attachment=&#8221;scroll&#8221; rt_bg_color=&#8221;&#8221; rt_bg_overlay_color=&#8221;&#8221; rt_padding_left=&#8221;30&#8243; rt_padding_right=&#8221;30&#8243; rt_margin_top=&#8221;-200&#8243;][vc_images_carousel images=&#8221;331,332,333,334,335&#8243; img_size=&#8221;full&#8221; autoplay=&#8221;yes&#8221; css_animation=&#8221;rotateIn&#8221;][\/vc_column][\/vc_row][vc_row][vc_column][vc_column_text]Kazan\u00a0 daireleri, buhar-k\u0131zg\u0131n ya\u011f \u0131s\u0131 santralleri, pi\u015firme kurutma ama\u00e7l\u0131 t\u00fcnel veya kamara tip\u00a0 f\u0131r\u0131nlar, tekstil ama\u00e7l\u0131 tesislerde ram \u00f6z makinalar\u0131,\u00a0 d\u00f6k\u00fcm ergitme ocaklar\u0131,\u00a0 homojenizasyon f\u0131r\u0131nlar\u0131, tavlama ocaklar\u0131, dald\u0131rma tip ergitme havuzlar\u0131, d\u00f6ner tip \u0131s\u0131\u00a0 jenerat\u00f6rl\u00fc kurutucular ve bu \u00fcnitelerde yak\u0131c\u0131 cihaz olarak kullan\u0131lan atmosferik,\u00a0 \u00fcflemeli gaz br\u00fcl\u00f6rleri ve gaz bekleri, EX-proof emniyet sistemleri, teknik \u015fartname\u00a0 a\u00e7\u0131s\u0131ndan irdelenmeli,\u00a0 do\u011fru tercihler yap\u0131lmal\u0131 ve gerekli adaptasyonlar yerine\u00a0 getirilmelidir. \u00d6zellikle kapal\u0131 mekanlarda olas\u0131 gaz ka\u00e7aklar\u0131na kar\u015f\u0131 gerekli emniyet\u00a0 tedbirleri \u00f6zenle al\u0131nmal\u0131d\u0131r. Firmam\u0131z m\u00fc\u015fterilerine bu kapsamda hizmet sunmaktad\u0131r[\/vc_column_text][\/vc_column][\/vc_row]<\/p>\n","protected":false},"excerpt":{"rendered":"<p>[vc_row rt_row_background_width=&#8221;fullwidth&#8221; rt_row_content_width=&#8221;default&#8221; rt_row_style=&#8221;alt-style-2&#8243; rt_row_borders=&#8221;&#8221; rt_row_shadows=&#8221;&#8221; rt_row_paddings=&#8221;true&#8221; rt_bg_effect=&#8221;parallax&#8221; rt_bg_parallax_effect=&#8221;1&#8243; rt_bg_image_repeat=&#8221;repeat&#8221; rt_bg_size=&#8221;cover&#8221; rt_bg_position=&#8221;center top&#8221; rt_bg_video_format=&#8221;self-hosted&#8221; rt_bg_image=&#8221;3963&#8243; rt_padding_top=&#8221;190&#8243; rt_padding_bottom=&#8221;0&#8243;][vc_column width=&#8221;1\/2&#8243; rt_column_shadow=&#8221;&#8221; rt_bg_image_repeat=&#8221;repeat&#8221; rt_bg_size=&#8221;auto auto&#8221; rt_bg_attachment=&#8221;scroll&#8221;][vc_custom_heading text=&#8221;Do\u011falgaz ve LPG<span class=\"excerpt-hellip\"> [\u2026]<\/span><\/p>\n","protected":false},"author":1,"featured_media":0,"parent":242,"menu_order":0,"comment_status":"closed","ping_status":"closed","template":"","meta":[],"_links":{"self":[{"href":"https:\/\/www.denizenerjisistemleri.com\/index.php?rest_route=\/wp\/v2\/pages\/252"}],"collection":[{"href":"https:\/\/www.denizenerjisistemleri.com\/index.php?rest_route=\/wp\/v2\/pages"}],"about":[{"href":"https:\/\/www.denizenerjisistemleri.com\/index.php?rest_route=\/wp\/v2\/types\/page"}],"author":[{"embeddable":true,"href":"https:\/\/www.denizenerjisistemleri.com\/index.php?rest_route=\/wp\/v2\/users\/1"}],"replies":[{"embeddable":true,"href":"https:\/\/www.denizenerjisistemleri.com\/index.php?rest_route=%2Fwp%2Fv2%2Fcomments&post=252"}],"version-history":[{"count":12,"href":"https:\/\/www.denizenerjisistemleri.com\/index.php?rest_route=\/wp\/v2\/pages\/252\/revisions"}],"predecessor-version":[{"id":338,"href":"https:\/\/www.denizenerjisistemleri.com\/index.php?rest_route=\/wp\/v2\/pages\/252\/revisions\/338"}],"up":[{"embeddable":true,"href":"https:\/\/www.denizenerjisistemleri.com\/index.php?rest_route=\/wp\/v2\/pages\/242"}],"wp:attachment":[{"href":"https:\/\/www.denizenerjisistemleri.com\/index.php?rest_route=%2Fwp%2Fv2%2Fmedia&parent=252"}],"curies":[{"name":"wp","href":"https:\/\/api.w.org\/{rel}","templated":true}]}}