{"id":250,"date":"2020-05-08T17:25:11","date_gmt":"2020-05-08T14:25:11","guid":{"rendered":"http:\/\/v1.denizenerjisistemleri.com\/?page_id=250"},"modified":"2020-05-08T19:27:37","modified_gmt":"2020-05-08T16:27:37","slug":"fabrika-ve-uretim-tesisatlari","status":"publish","type":"page","link":"https:\/\/www.denizenerjisistemleri.com\/?page_id=250","title":{"rendered":"Fabrika ve \u00dcretim Tesisatlar\u0131"},"content":{"rendered":"<p>[vc_row rt_row_background_width=&#8221;fullwidth&#8221; rt_row_content_width=&#8221;default&#8221; rt_row_style=&#8221;alt-style-2&#8243; rt_row_borders=&#8221;&#8221; rt_row_shadows=&#8221;&#8221; rt_row_paddings=&#8221;true&#8221; rt_bg_effect=&#8221;parallax&#8221; rt_bg_parallax_effect=&#8221;1&#8243; rt_bg_image_repeat=&#8221;repeat&#8221; rt_bg_size=&#8221;cover&#8221; rt_bg_position=&#8221;center top&#8221; rt_bg_video_format=&#8221;self-hosted&#8221; rt_bg_image=&#8221;3963&#8243; rt_padding_top=&#8221;190&#8243; rt_padding_bottom=&#8221;0&#8243;][vc_column width=&#8221;1\/2&#8243; rt_column_shadow=&#8221;&#8221; rt_bg_image_repeat=&#8221;repeat&#8221; rt_bg_size=&#8221;auto auto&#8221; rt_bg_attachment=&#8221;scroll&#8221;][vc_custom_heading text=&#8221;Is\u0131tma Tesisat\u0131&#8221;][\/vc_column][vc_column width=&#8221;1\/2&#8243; rt_column_shadow=&#8221;&#8221; rt_bg_image_repeat=&#8221;repeat&#8221; rt_bg_size=&#8221;auto auto&#8221; rt_bg_attachment=&#8221;scroll&#8221;][vc_column_text][\/vc_column_text][\/vc_column][\/vc_row][vc_row rt_row_background_width=&#8221;fullwidth&#8221; rt_row_content_width=&#8221;default&#8221; rt_row_style=&#8221;default-style&#8221; rt_row_borders=&#8221;&#8221; rt_row_shadows=&#8221;&#8221; rt_row_paddings=&#8221;true&#8221; rt_bg_effect=&#8221;classic&#8221; rt_bg_image_repeat=&#8221;repeat&#8221; rt_bg_size=&#8221;cover&#8221; rt_bg_position=&#8221;right top&#8221; rt_bg_attachment=&#8221;scroll&#8221; rt_bg_video_format=&#8221;self-hosted&#8221; rt_padding_bottom=&#8221;160&#8243;][vc_column width=&#8221;1\/2&#8243; rt_column_shadow=&#8221;&#8221; rt_bg_image_repeat=&#8221;repeat&#8221; rt_bg_size=&#8221;auto auto&#8221; rt_bg_attachment=&#8221;scroll&#8221;][vc_column_text]-K\u0131zg\u0131n Ya\u011f ve K\u0131zg\u0131n Su Tesisatlar\u0131<br \/>\n-Buhar Tesisatlar\u0131<br \/>\n-End\u00fcstriyel Borulama Tesisatlar\u0131<br \/>\n-Bas\u0131n\u00e7l\u0131 Hava Tesisatlar\u0131<br \/>\n-Is\u0131 E\u015fanj\u00f6rleri<br \/>\n-End\u00fcstriyel Toz, Duman Emi\u015f ve Filtreleme Sistemleri<br \/>\n-End\u00fcstriyel Su Ar\u0131tma ve Yumu\u015fatma Sistemleri[\/vc_column_text][\/vc_column][vc_column width=&#8221;1\/2&#8243; rt_column_shadow=&#8221;&#8221; rt_bg_image_repeat=&#8221;repeat&#8221; rt_bg_size=&#8221;auto auto&#8221; rt_bg_attachment=&#8221;scroll&#8221; rt_bg_color=&#8221;&#8221; rt_bg_overlay_color=&#8221;&#8221; rt_padding_left=&#8221;30&#8243; rt_padding_right=&#8221;30&#8243; rt_margin_top=&#8221;-200&#8243;][vc_images_carousel images=&#8221;348,344,341,334,335,331,359&#8243; img_size=&#8221;full&#8221; autoplay=&#8221;yes&#8221; css_animation=&#8221;rotateIn&#8221;][\/vc_column][\/vc_row][vc_row][vc_column][\/vc_column][\/vc_row]<\/p>\n","protected":false},"excerpt":{"rendered":"<p>[vc_row rt_row_background_width=&#8221;fullwidth&#8221; rt_row_content_width=&#8221;default&#8221; rt_row_style=&#8221;alt-style-2&#8243; rt_row_borders=&#8221;&#8221; rt_row_shadows=&#8221;&#8221; rt_row_paddings=&#8221;true&#8221; rt_bg_effect=&#8221;parallax&#8221; rt_bg_parallax_effect=&#8221;1&#8243; rt_bg_image_repeat=&#8221;repeat&#8221; rt_bg_size=&#8221;cover&#8221; rt_bg_position=&#8221;center top&#8221; rt_bg_video_format=&#8221;self-hosted&#8221; rt_bg_image=&#8221;3963&#8243; rt_padding_top=&#8221;190&#8243; rt_padding_bottom=&#8221;0&#8243;][vc_column width=&#8221;1\/2&#8243; rt_column_shadow=&#8221;&#8221; rt_bg_image_repeat=&#8221;repeat&#8221; rt_bg_size=&#8221;auto auto&#8221; rt_bg_attachment=&#8221;scroll&#8221;][vc_custom_heading text=&#8221;Is\u0131tma Tesisat\u0131&#8221;][\/vc_column][vc_column width=&#8221;1\/2&#8243;<span class=\"excerpt-hellip\"> [\u2026]<\/span><\/p>\n","protected":false},"author":1,"featured_media":0,"parent":242,"menu_order":0,"comment_status":"closed","ping_status":"closed","template":"","meta":[],"_links":{"self":[{"href":"https:\/\/www.denizenerjisistemleri.com\/index.php?rest_route=\/wp\/v2\/pages\/250"}],"collection":[{"href":"https:\/\/www.denizenerjisistemleri.com\/index.php?rest_route=\/wp\/v2\/pages"}],"about":[{"href":"https:\/\/www.denizenerjisistemleri.com\/index.php?rest_route=\/wp\/v2\/types\/page"}],"author":[{"embeddable":true,"href":"https:\/\/www.denizenerjisistemleri.com\/index.php?rest_route=\/wp\/v2\/users\/1"}],"replies":[{"embeddable":true,"href":"https:\/\/www.denizenerjisistemleri.com\/index.php?rest_route=%2Fwp%2Fv2%2Fcomments&post=250"}],"version-history":[{"count":3,"href":"https:\/\/www.denizenerjisistemleri.com\/index.php?rest_route=\/wp\/v2\/pages\/250\/revisions"}],"predecessor-version":[{"id":363,"href":"https:\/\/www.denizenerjisistemleri.com\/index.php?rest_route=\/wp\/v2\/pages\/250\/revisions\/363"}],"up":[{"embeddable":true,"href":"https:\/\/www.denizenerjisistemleri.com\/index.php?rest_route=\/wp\/v2\/pages\/242"}],"wp:attachment":[{"href":"https:\/\/www.denizenerjisistemleri.com\/index.php?rest_route=%2Fwp%2Fv2%2Fmedia&parent=250"}],"curies":[{"name":"wp","href":"https:\/\/api.w.org\/{rel}","templated":true}]}}