{"id":248,"date":"2020-05-08T13:59:49","date_gmt":"2020-05-08T10:59:49","guid":{"rendered":"http:\/\/v1.denizenerjisistemleri.com\/?page_id=248"},"modified":"2020-05-08T19:21:51","modified_gmt":"2020-05-08T16:21:51","slug":"isitma-tesisati","status":"publish","type":"page","link":"https:\/\/www.denizenerjisistemleri.com\/?page_id=248","title":{"rendered":"Is\u0131tma Tesisat\u0131"},"content":{"rendered":"<p>[vc_row rt_row_background_width=&#8221;fullwidth&#8221; rt_row_content_width=&#8221;default&#8221; rt_row_style=&#8221;alt-style-2&#8243; rt_row_borders=&#8221;&#8221; rt_row_shadows=&#8221;&#8221; rt_row_paddings=&#8221;true&#8221; rt_bg_effect=&#8221;parallax&#8221; rt_bg_parallax_effect=&#8221;1&#8243; rt_bg_image_repeat=&#8221;repeat&#8221; rt_bg_size=&#8221;cover&#8221; rt_bg_position=&#8221;center top&#8221; rt_bg_video_format=&#8221;self-hosted&#8221; rt_bg_image=&#8221;3963&#8243; rt_padding_top=&#8221;190&#8243; rt_padding_bottom=&#8221;0&#8243;][vc_column width=&#8221;1\/2&#8243; rt_column_shadow=&#8221;&#8221; rt_bg_image_repeat=&#8221;repeat&#8221; rt_bg_size=&#8221;auto auto&#8221; rt_bg_attachment=&#8221;scroll&#8221;][vc_custom_heading text=&#8221;Is\u0131tma Tesisat\u0131&#8221;][\/vc_column][vc_column width=&#8221;1\/2&#8243; rt_column_shadow=&#8221;&#8221; rt_bg_image_repeat=&#8221;repeat&#8221; rt_bg_size=&#8221;auto auto&#8221; rt_bg_attachment=&#8221;scroll&#8221;][vc_column_text][\/vc_column_text][\/vc_column][\/vc_row][vc_row rt_row_background_width=&#8221;fullwidth&#8221; rt_row_content_width=&#8221;default&#8221; rt_row_style=&#8221;default-style&#8221; rt_row_borders=&#8221;&#8221; rt_row_shadows=&#8221;&#8221; rt_row_paddings=&#8221;true&#8221; rt_bg_effect=&#8221;classic&#8221; rt_bg_image_repeat=&#8221;repeat&#8221; rt_bg_size=&#8221;cover&#8221; rt_bg_position=&#8221;right top&#8221; rt_bg_attachment=&#8221;scroll&#8221; rt_bg_video_format=&#8221;self-hosted&#8221; rt_padding_bottom=&#8221;160&#8243;][vc_column width=&#8221;1\/2&#8243; rt_column_shadow=&#8221;&#8221; rt_bg_image_repeat=&#8221;repeat&#8221; rt_bg_size=&#8221;auto auto&#8221; rt_bg_attachment=&#8221;scroll&#8221;][vc_column_text]<span class=\"\\&quot;style8\\&quot;\">Is\u0131tma sistemleri, kullan\u0131m mekanlar\u0131n\u0131n istenen s\u0131cakl\u0131kta tutulabilmesi i\u00e7in i\u00e7 ortamdan d\u0131\u015f ortama (\u00e7evreye) olan \u0131s\u0131 kayb\u0131n\u0131n kar\u015f\u0131lanmas\u0131 prensibi ile \u00e7al\u0131\u015fan sistemlerdir. Merkezi ve lokal (b\u00f6lgesel) olarak iki ana ba\u015fl\u0131kta toplanabilir. Merkezi \u0131s\u0131tma, genel olarak, so\u011fuk iklimlerdeki \u00f6zel apartman veya kamu binalar\u0131nda kullan\u0131l\u0131r. Sistem, kullan\u0131lacak ak\u0131\u015fkan\u0131 (su, hava veya buhar\u0131) \u0131s\u0131tmak i\u00e7in merkezi kazan veya \u0131s\u0131t\u0131c\u0131, \u0131s\u0131t\u0131lm\u0131\u015f ak\u0131\u015fkan\u0131n da\u011f\u0131t\u0131m\u0131 i\u00e7in boru tesisat\u0131 ve \u0131s\u0131y\u0131 ortam havas\u0131na transfer etmek i\u00e7in radyat\u00f6rleri i\u00e7erir.<\/span><\/p>\n<p><span class=\"\\&quot;style8\\&quot;\">\u2013<\/span>Villa Tesisatlar\u0131<br \/>\n<span class=\"\\&quot;style8\\&quot;\">\u2013<\/span>Kat Kaloriferi Tesisatlar\u0131<br \/>\n<span class=\"\\&quot;style8\\&quot;\">\u2013<\/span>Kombi Tesisatlar\u0131<br \/>\n<span class=\"\\&quot;style8\\&quot;\">\u2013<\/span>Yo\u011fu\u015fmal\u0131 Kazan Tesisatlar\u0131<br \/>\n<span class=\"\\&quot;style8\\&quot;\">\u2013<\/span>Merkezi Sistem Kalorifer Tesisatlar\u0131<br \/>\n<span class=\"\\&quot;style8\\&quot;\">\u2013<\/span>Yerden Is\u0131tma Sistemleri<br \/>\n<span class=\"\\&quot;style8\\&quot;\">\u2013<\/span>Kaskad Sistemleri<br \/>\n<span class=\"\\&quot;style8\\&quot;\">\u2013<\/span>Radyant Is\u0131tma Sistemleri<br \/>\n<span class=\"\\&quot;style8\\&quot;\">\u2013<\/span>G\u00fcne\u015f Enerjisi Sistemleri[\/vc_column_text][\/vc_column][vc_column width=&#8221;1\/2&#8243; rt_column_shadow=&#8221;&#8221; rt_bg_image_repeat=&#8221;repeat&#8221; rt_bg_size=&#8221;auto auto&#8221; rt_bg_attachment=&#8221;scroll&#8221; rt_bg_color=&#8221;&#8221; rt_bg_overlay_color=&#8221;&#8221; rt_padding_left=&#8221;30&#8243; rt_padding_right=&#8221;30&#8243; rt_margin_top=&#8221;-200&#8243;][vc_images_carousel images=&#8221;355,356,357,358,359&#8243; img_size=&#8221;full&#8221; autoplay=&#8221;yes&#8221; css_animation=&#8221;rotateIn&#8221;][\/vc_column][\/vc_row][vc_row][vc_column][vc_column_text]Lokal \u0131s\u0131tma sistemleri de genel olarak merkezi \u0131s\u0131tma ile ayn\u0131 prensipleri ta\u015f\u0131r. Fakat burada kullan\u0131c\u0131lar binalar\u0131n\u0131 ortak (merkezi) bir sistemden de\u011fil bireysel olarak \u0131s\u0131t\u0131rlar. Burada merkezi \u0131s\u0131tmada oldu\u011fu gibi, s\u0131cak sulu \u0131s\u0131tma sistemleri kullan\u0131labilir. Bu durumda kullan\u0131c\u0131lar kendi dairelerindeki radyat\u00f6rleri \u0131s\u0131tmak i\u00e7in kombi veya kat kaloriferi ad\u0131 verilen \u0131s\u0131tma cihazlar\u0131n\u0131 kullan\u0131rlar. Bu cihazlar kazanlardan daha k\u00fc\u00e7\u00fck kapasiteli ve kompakt cihazlard\u0131r. Genellikle sirk\u00fclasyon pompalar\u0131 cihaz\u0131n \u00fczerinde olur. Bundan ba\u015fka, klima (s\u0131cak hava konveksiyonu)[\/vc_column_text][\/vc_column][\/vc_row]<\/p>\n","protected":false},"excerpt":{"rendered":"<p>[vc_row rt_row_background_width=&#8221;fullwidth&#8221; rt_row_content_width=&#8221;default&#8221; rt_row_style=&#8221;alt-style-2&#8243; rt_row_borders=&#8221;&#8221; rt_row_shadows=&#8221;&#8221; rt_row_paddings=&#8221;true&#8221; rt_bg_effect=&#8221;parallax&#8221; rt_bg_parallax_effect=&#8221;1&#8243; rt_bg_image_repeat=&#8221;repeat&#8221; rt_bg_size=&#8221;cover&#8221; rt_bg_position=&#8221;center top&#8221; rt_bg_video_format=&#8221;self-hosted&#8221; rt_bg_image=&#8221;3963&#8243; rt_padding_top=&#8221;190&#8243; rt_padding_bottom=&#8221;0&#8243;][vc_column width=&#8221;1\/2&#8243; rt_column_shadow=&#8221;&#8221; rt_bg_image_repeat=&#8221;repeat&#8221; rt_bg_size=&#8221;auto auto&#8221; rt_bg_attachment=&#8221;scroll&#8221;][vc_custom_heading text=&#8221;Is\u0131tma Tesisat\u0131&#8221;][\/vc_column][vc_column width=&#8221;1\/2&#8243;<span class=\"excerpt-hellip\"> [\u2026]<\/span><\/p>\n","protected":false},"author":1,"featured_media":0,"parent":242,"menu_order":0,"comment_status":"closed","ping_status":"closed","template":"","meta":[],"_links":{"self":[{"href":"https:\/\/www.denizenerjisistemleri.com\/index.php?rest_route=\/wp\/v2\/pages\/248"}],"collection":[{"href":"https:\/\/www.denizenerjisistemleri.com\/index.php?rest_route=\/wp\/v2\/pages"}],"about":[{"href":"https:\/\/www.denizenerjisistemleri.com\/index.php?rest_route=\/wp\/v2\/types\/page"}],"author":[{"embeddable":true,"href":"https:\/\/www.denizenerjisistemleri.com\/index.php?rest_route=\/wp\/v2\/users\/1"}],"replies":[{"embeddable":true,"href":"https:\/\/www.denizenerjisistemleri.com\/index.php?rest_route=%2Fwp%2Fv2%2Fcomments&post=248"}],"version-history":[{"count":4,"href":"https:\/\/www.denizenerjisistemleri.com\/index.php?rest_route=\/wp\/v2\/pages\/248\/revisions"}],"predecessor-version":[{"id":361,"href":"https:\/\/www.denizenerjisistemleri.com\/index.php?rest_route=\/wp\/v2\/pages\/248\/revisions\/361"}],"up":[{"embeddable":true,"href":"https:\/\/www.denizenerjisistemleri.com\/index.php?rest_route=\/wp\/v2\/pages\/242"}],"wp:attachment":[{"href":"https:\/\/www.denizenerjisistemleri.com\/index.php?rest_route=%2Fwp%2Fv2%2Fmedia&parent=248"}],"curies":[{"name":"wp","href":"https:\/\/api.w.org\/{rel}","templated":true}]}}