{"id":246,"date":"2020-05-08T13:59:25","date_gmt":"2020-05-08T10:59:25","guid":{"rendered":"http:\/\/v1.denizenerjisistemleri.com\/?page_id=246"},"modified":"2020-05-08T19:10:33","modified_gmt":"2020-05-08T16:10:33","slug":"klima-sogutma-ve-havalandirma-tesisatlari","status":"publish","type":"page","link":"https:\/\/www.denizenerjisistemleri.com\/?page_id=246","title":{"rendered":"Klima, So\u011futma ve Havaland\u0131rma Tesisatlar\u0131"},"content":{"rendered":"<p>[vc_row rt_row_background_width=&#8221;fullwidth&#8221; rt_row_content_width=&#8221;default&#8221; rt_row_style=&#8221;alt-style-2&#8243; rt_row_borders=&#8221;&#8221; rt_row_shadows=&#8221;&#8221; rt_row_paddings=&#8221;true&#8221; rt_bg_effect=&#8221;parallax&#8221; rt_bg_parallax_effect=&#8221;1&#8243; rt_bg_image_repeat=&#8221;repeat&#8221; rt_bg_size=&#8221;cover&#8221; rt_bg_position=&#8221;center top&#8221; rt_bg_video_format=&#8221;self-hosted&#8221; rt_bg_image=&#8221;3963&#8243; rt_padding_top=&#8221;190&#8243; rt_padding_bottom=&#8221;0&#8243;][vc_column width=&#8221;1\/2&#8243; rt_column_shadow=&#8221;&#8221; rt_bg_image_repeat=&#8221;repeat&#8221; rt_bg_size=&#8221;auto auto&#8221; rt_bg_attachment=&#8221;scroll&#8221;][vc_custom_heading text=&#8221;Klima, So\u011futma ve Havaland\u0131rma Tesisatlar\u0131&#8221;][\/vc_column][vc_column width=&#8221;1\/2&#8243; rt_column_shadow=&#8221;&#8221; rt_bg_image_repeat=&#8221;repeat&#8221; rt_bg_size=&#8221;auto auto&#8221; rt_bg_attachment=&#8221;scroll&#8221;][vc_column_text][\/vc_column_text][\/vc_column][\/vc_row][vc_row rt_row_background_width=&#8221;fullwidth&#8221; rt_row_content_width=&#8221;default&#8221; rt_row_style=&#8221;default-style&#8221; rt_row_borders=&#8221;&#8221; rt_row_shadows=&#8221;&#8221; rt_row_paddings=&#8221;true&#8221; rt_bg_effect=&#8221;classic&#8221; rt_bg_image_repeat=&#8221;repeat&#8221; rt_bg_size=&#8221;cover&#8221; rt_bg_position=&#8221;right top&#8221; rt_bg_attachment=&#8221;scroll&#8221; rt_bg_video_format=&#8221;self-hosted&#8221; rt_padding_bottom=&#8221;160&#8243;][vc_column width=&#8221;1\/2&#8243; rt_column_shadow=&#8221;&#8221; rt_bg_image_repeat=&#8221;repeat&#8221; rt_bg_size=&#8221;auto auto&#8221; rt_bg_attachment=&#8221;scroll&#8221;][vc_column_text]-De\u011fi\u015fken So\u011futucu Ak\u0131\u015fkan Debili Klima Sistemleri<br \/>\n-Merkezi Klima Sistemleri<br \/>\n-Kanal Tipi Split Klimalar<br \/>\n-\u00c7at\u0131 Tipi (Rooftop)Paket Klimalar<br \/>\n-Split Klimalar<br \/>\n-Paket Tip Klimalar<br \/>\n-Havaland\u0131rma Tesisatlar\u0131<br \/>\n-Hijyenik Klima Sistemleri<br \/>\n-Hepa Filtre Uygulamalar\u0131<br \/>\n-Elektrostatik Filtreler<br \/>\n-Merkezi So\u011futma Tesisatlar\u0131<br \/>\n-Chiller Gruplar\u0131<br \/>\n-Klima Santralleri<br \/>\n-Fancoiller<br \/>\n-So\u011futma Gruplar\u0131 (Hava ve Su so\u011futmal\u0131) &amp;So\u011futma Kuleleri<br \/>\n-VAV Santralleri<br \/>\n-Nemlendiriciler (Oda\/Kanal tipi)<br \/>\n-Buharl\u0131 ve Sulu Tip Nemlendiriciler<br \/>\n-Nem Alma \u00dcniteleri<br \/>\n-S\u0131cak Hava Apareyleri<br \/>\n-Hava Perdeleri<br \/>\n-Kanal, \u00c7at\u0131 ve Duvar Tipi End\u00fcstriyel Fanlar<br \/>\n-H\u00fccreli Fanlar<br \/>\n-Menfezler[\/vc_column_text][\/vc_column][vc_column width=&#8221;1\/2&#8243; rt_column_shadow=&#8221;&#8221; rt_bg_image_repeat=&#8221;repeat&#8221; rt_bg_size=&#8221;auto auto&#8221; rt_bg_attachment=&#8221;scroll&#8221; rt_bg_color=&#8221;&#8221; rt_bg_overlay_color=&#8221;&#8221; rt_padding_left=&#8221;30&#8243; rt_padding_right=&#8221;30&#8243; rt_margin_top=&#8221;-200&#8243;][vc_images_carousel images=&#8221;348,349,350,351,352&#8243; img_size=&#8221;full&#8221; autoplay=&#8221;yes&#8221; css_animation=&#8221;rotateIn&#8221;][\/vc_column][\/vc_row][vc_row][vc_column][\/vc_column][\/vc_row]<\/p>\n","protected":false},"excerpt":{"rendered":"<p>[vc_row rt_row_background_width=&#8221;fullwidth&#8221; rt_row_content_width=&#8221;default&#8221; rt_row_style=&#8221;alt-style-2&#8243; rt_row_borders=&#8221;&#8221; rt_row_shadows=&#8221;&#8221; rt_row_paddings=&#8221;true&#8221; rt_bg_effect=&#8221;parallax&#8221; rt_bg_parallax_effect=&#8221;1&#8243; rt_bg_image_repeat=&#8221;repeat&#8221; rt_bg_size=&#8221;cover&#8221; rt_bg_position=&#8221;center top&#8221; rt_bg_video_format=&#8221;self-hosted&#8221; rt_bg_image=&#8221;3963&#8243; rt_padding_top=&#8221;190&#8243; rt_padding_bottom=&#8221;0&#8243;][vc_column width=&#8221;1\/2&#8243; rt_column_shadow=&#8221;&#8221; rt_bg_image_repeat=&#8221;repeat&#8221; rt_bg_size=&#8221;auto auto&#8221; rt_bg_attachment=&#8221;scroll&#8221;][vc_custom_heading text=&#8221;Klima, So\u011futma ve<span class=\"excerpt-hellip\"> [\u2026]<\/span><\/p>\n","protected":false},"author":1,"featured_media":0,"parent":242,"menu_order":0,"comment_status":"closed","ping_status":"closed","template":"","meta":[],"_links":{"self":[{"href":"https:\/\/www.denizenerjisistemleri.com\/index.php?rest_route=\/wp\/v2\/pages\/246"}],"collection":[{"href":"https:\/\/www.denizenerjisistemleri.com\/index.php?rest_route=\/wp\/v2\/pages"}],"about":[{"href":"https:\/\/www.denizenerjisistemleri.com\/index.php?rest_route=\/wp\/v2\/types\/page"}],"author":[{"embeddable":true,"href":"https:\/\/www.denizenerjisistemleri.com\/index.php?rest_route=\/wp\/v2\/users\/1"}],"replies":[{"embeddable":true,"href":"https:\/\/www.denizenerjisistemleri.com\/index.php?rest_route=%2Fwp%2Fv2%2Fcomments&post=246"}],"version-history":[{"count":3,"href":"https:\/\/www.denizenerjisistemleri.com\/index.php?rest_route=\/wp\/v2\/pages\/246\/revisions"}],"predecessor-version":[{"id":353,"href":"https:\/\/www.denizenerjisistemleri.com\/index.php?rest_route=\/wp\/v2\/pages\/246\/revisions\/353"}],"up":[{"embeddable":true,"href":"https:\/\/www.denizenerjisistemleri.com\/index.php?rest_route=\/wp\/v2\/pages\/242"}],"wp:attachment":[{"href":"https:\/\/www.denizenerjisistemleri.com\/index.php?rest_route=%2Fwp%2Fv2%2Fmedia&parent=246"}],"curies":[{"name":"wp","href":"https:\/\/api.w.org\/{rel}","templated":true}]}}