{"id":244,"date":"2020-05-08T13:58:49","date_gmt":"2020-05-08T10:58:49","guid":{"rendered":"http:\/\/v1.denizenerjisistemleri.com\/?page_id=244"},"modified":"2020-05-08T19:05:24","modified_gmt":"2020-05-08T16:05:24","slug":"projelendirme","status":"publish","type":"page","link":"https:\/\/www.denizenerjisistemleri.com\/?page_id=244","title":{"rendered":"Projelendirme"},"content":{"rendered":"<p>[vc_row rt_row_background_width=&#8221;fullwidth&#8221; rt_row_content_width=&#8221;default&#8221; rt_row_style=&#8221;alt-style-2&#8243; rt_row_borders=&#8221;&#8221; rt_row_shadows=&#8221;&#8221; rt_row_paddings=&#8221;true&#8221; rt_bg_effect=&#8221;parallax&#8221; rt_bg_parallax_effect=&#8221;1&#8243; rt_bg_image_repeat=&#8221;repeat&#8221; rt_bg_size=&#8221;cover&#8221; rt_bg_position=&#8221;center top&#8221; rt_bg_video_format=&#8221;self-hosted&#8221; rt_bg_image=&#8221;3963&#8243; rt_padding_top=&#8221;190&#8243; rt_padding_bottom=&#8221;0&#8243;][vc_column width=&#8221;1\/2&#8243; rt_column_shadow=&#8221;&#8221; rt_bg_image_repeat=&#8221;repeat&#8221; rt_bg_size=&#8221;auto auto&#8221; rt_bg_attachment=&#8221;scroll&#8221;][vc_custom_heading text=&#8221;Projelendirme&#8221;][\/vc_column][vc_column width=&#8221;1\/2&#8243; rt_column_shadow=&#8221;&#8221; rt_bg_image_repeat=&#8221;repeat&#8221; rt_bg_size=&#8221;auto auto&#8221; rt_bg_attachment=&#8221;scroll&#8221;][vc_column_text][\/vc_column_text][\/vc_column][\/vc_row][vc_row rt_row_background_width=&#8221;fullwidth&#8221; rt_row_content_width=&#8221;default&#8221; rt_row_style=&#8221;default-style&#8221; rt_row_borders=&#8221;&#8221; rt_row_shadows=&#8221;&#8221; rt_row_paddings=&#8221;true&#8221; rt_bg_effect=&#8221;classic&#8221; rt_bg_image_repeat=&#8221;repeat&#8221; rt_bg_size=&#8221;cover&#8221; rt_bg_position=&#8221;right top&#8221; rt_bg_attachment=&#8221;scroll&#8221; rt_bg_video_format=&#8221;self-hosted&#8221; rt_padding_bottom=&#8221;160&#8243;][vc_column width=&#8221;1\/2&#8243; rt_column_shadow=&#8221;&#8221; rt_bg_image_repeat=&#8221;repeat&#8221; rt_bg_size=&#8221;auto auto&#8221; rt_bg_attachment=&#8221;scroll&#8221;][vc_column_text]M\u00fchendislik ve tasar\u0131m projeleri, birden fazla alan\u0131n entegre ve \u00f6zverili bir \u015fekilde \u00e7al\u0131\u015fmas\u0131n\u0131 gerektirir. Statik, mimari, elektrik ve mekanik tasar\u0131m gibi farkl\u0131 alanlarda uzmanl\u0131klar gerektiren ve \u00e7e\u015fitli sekt\u00f6rlerde y\u00fcr\u00fct\u00fclen projelerimizde tecr\u00fcbeli m\u00fchendislerimiz, uzmanlar\u0131m\u0131z ve dan\u0131\u015fmanlar\u0131m\u0131zla t\u00fcm proje disiplinleri aras\u0131nda ba\u015far\u0131l\u0131 bir entegrasyon s\u00fcreci y\u00fcr\u00fct\u00fcyoruz.<\/p>\n<div class=\"wpb_text_column wpb_content_element \">\n<div class=\"wpb_wrapper\">\n<p>\u0130novatif bak\u0131\u015f a\u00e7\u0131m\u0131z ve global standartlardaki hizmet kalitemizin yan\u0131 s\u0131ra farkl\u0131 disiplinleri ayn\u0131 projede bulu\u015fturma becerimiz sayesinde geni\u015f bir sekt\u00f6r yelpazesi i\u00e7in \u00e7\u00f6z\u00fcmler \u00fcretiyoruz.<\/p>\n<\/div>\n<\/div>\n<div class=\"vc_empty_space\"><\/div>\n<div class=\"wpb_text_column wpb_content_element \">\n<div class=\"wpb_wrapper\">\n<p>M\u00fchendislik ve tasar\u0131m alan\u0131nda sundu\u011fumuz ba\u015fl\u0131ca hizmetler:<\/p>\n<\/div>\n<\/div>\n<p>[\/vc_column_text][\/vc_column][vc_column width=&#8221;1\/2&#8243; rt_column_shadow=&#8221;&#8221; rt_bg_image_repeat=&#8221;repeat&#8221; rt_bg_size=&#8221;auto auto&#8221; rt_bg_attachment=&#8221;scroll&#8221; rt_bg_color=&#8221;&#8221; rt_bg_overlay_color=&#8221;&#8221; rt_padding_left=&#8221;30&#8243; rt_padding_right=&#8221;30&#8243; rt_margin_top=&#8221;-200&#8243;][vc_images_carousel images=&#8221;340,341,342,343,344&#8243; img_size=&#8221;full&#8221; autoplay=&#8221;yes&#8221; css_animation=&#8221;rotateIn&#8221;][\/vc_column][\/vc_row][vc_row][vc_column][vc_column_text]<\/p>\n<div class=\"vc_row wpb_row section vc_row-fluid grid_section\">\n<div class=\" section_inner clearfix\">\n<div class=\"section_inner_margin clearfix\">\n<div class=\"wpb_column vc_column_container vc_col-sm-8\">\n<div class=\"vc_column-inner vc_custom_1506373253915\">\n<div class=\"wpb_wrapper\">\n<div class=\"wpb_text_column wpb_content_element \">\n<div class=\"wpb_wrapper\"><\/div>\n<\/div>\n<div class=\"wpb_text_column wpb_content_element \">\n<div class=\"wpb_wrapper\"><span style=\"font-size: 30px;\">STAT\u0130K PROJELER<\/span><\/div>\n<\/div>\n<div class=\"vc_row wpb_row section vc_row-fluid vc_inner \">\n<div class=\" full_section_inner clearfix\">\n<div class=\"wpb_column vc_column_container vc_col-sm-12\">\n<div class=\"vc_column-inner\">\n<div class=\"wpb_wrapper\">\n<div class=\"vc_empty_space\"><\/div>\n<div class=\"wpb_text_column wpb_content_element \">\n<div class=\"wpb_wrapper\">\n<p>Yap\u0131n\u0131n iskeletini olu\u015fturan proje t\u00fcr\u00fc olmas\u0131 sebebiyle statik projeler, yap\u0131 s\u00fcre\u00e7lerinin temelidir.<\/p>\n<p>Binada kullan\u0131lacak betonarmeden ah\u015faba veya \u00e7elik gibi farkl\u0131 malzemelerin y\u00fckleri, yap\u0131lar\u0131 ve dizilim \u015feklinin neredeyse kusursuz bir \u015fekilde hesaplanarak olu\u015fturulmas\u0131 gerekir. Fen, matematik ve geometri alan\u0131nda uzmanla\u015fm\u0131\u015f in\u015faat m\u00fchendisi kadromuzla yapt\u0131\u011f\u0131m\u0131z statik \u00e7izimlerle temeli sa\u011flam at\u0131lm\u0131\u015f, emniyetli yap\u0131lar yaratmak i\u00e7in deste\u011fimizi alabilirsiniz.<\/p>\n<\/div>\n<\/div>\n<\/div>\n<\/div>\n<\/div>\n<\/div>\n<\/div>\n<div class=\"vc_row wpb_row section vc_row-fluid vc_inner \">\n<div class=\" full_section_inner clearfix\">\n<div class=\"wpb_column vc_column_container vc_col-sm-12\">\n<div class=\"vc_column-inner\">\n<div class=\"wpb_wrapper\">\n<div class=\"vc_empty_space\"><\/div>\n<h2 class=\"vc_custom_heading\">MEKAN\u0130K PROJELER<\/h2>\n<div class=\"vc_empty_space\"><\/div>\n<div class=\"wpb_text_column wpb_content_element \">\n<div class=\"wpb_wrapper\">\n<p>Yap\u0131n\u0131n amac\u0131na uygun havaland\u0131rma, klima, \u0131s\u0131tma, s\u0131hhi tesisat, yang\u0131n s\u00f6nd\u00fcrme, bas\u0131n\u00e7l\u0131 hava, yal\u0131t\u0131m gibi sistemlerin projelendirmesini m\u00fc\u015fteri talepleri do\u011frultusunda 2 veya 3 boyutlu olarak yenilik\u00e7i ve optimum sistem \u00e7\u00f6z\u00fcmleri olacak \u015fekilde tasarl\u0131yoruz.<\/p>\n<\/div>\n<\/div>\n<\/div>\n<\/div>\n<\/div>\n<\/div>\n<\/div>\n<div class=\"vc_row wpb_row section vc_row-fluid vc_inner \">\n<div class=\" full_section_inner clearfix\">\n<div class=\"wpb_column vc_column_container vc_col-sm-12\">\n<div class=\"vc_column-inner\">\n<div class=\"wpb_wrapper\">\n<div class=\"vc_empty_space\"><\/div>\n<h2 class=\"vc_custom_heading\">ELEKTR\u0130K PROJELER\u0130<\/h2>\n<div class=\"vc_empty_space\"><\/div>\n<div class=\"wpb_text_column wpb_content_element \">\n<div class=\"wpb_wrapper\">\n<p>Yap\u0131n\u0131n amac\u0131na uygun ayd\u0131nlatma, kuvvet, telefon, data, yang\u0131n alg\u0131lama, topraklama, seslendirme, tv, kamera, otomasyon gibi sistemlerin projelendirmesini m\u00fc\u015fteri talepleri do\u011frultusunda 2 veya 3 boyutlu olarak yenilik\u00e7i ve optimum sistem \u00e7\u00f6z\u00fcmleri olacak \u015fekilde tasarl\u0131yoruz.<\/p>\n<\/div>\n<\/div>\n<\/div>\n<\/div>\n<\/div>\n<\/div>\n<\/div>\n<div class=\"vc_row wpb_row section vc_row-fluid vc_inner \">\n<div class=\" full_section_inner clearfix\">\n<div class=\"wpb_column vc_column_container vc_col-sm-12\">\n<div class=\"vc_column-inner\">\n<div class=\"wpb_wrapper\">\n<div class=\"vc_empty_space\"><\/div>\n<h2 class=\"vc_custom_heading\">M\u0130MAR\u0130 PROJELER<\/h2>\n<div class=\"vc_empty_space\"><\/div>\n<div class=\"wpb_text_column wpb_content_element \">\n<div class=\"wpb_wrapper\">\n<p>Binan\u0131n genel tasar\u0131m\u0131n\u0131n yap\u0131ld\u0131\u011f\u0131 mimari projelerde, arsa-bina uyumlulu\u011fu ve binan\u0131n kendi i\u00e7erisindeki oran-orant\u0131, k\u00fctlesel uyumu baz al\u0131n\u0131r. Bu projenin teknik a\u00e7\u0131dan titizlikle hesaplanm\u0131\u015f olmas\u0131 gerekir; b\u00f6ylece bina ya da konut kusursuz olacakt\u0131r. Teknik taraf\u0131n\u0131n yan\u0131 s\u0131ra mimari projeler g\u00f6ze hitap eden \u00e7izgiler de ta\u015f\u0131mal\u0131d\u0131r.<\/p>\n<\/div>\n<\/div>\n<\/div>\n<\/div>\n<\/div>\n<\/div>\n<\/div>\n<div class=\"vc_row wpb_row section vc_row-fluid vc_inner \">\n<div class=\" full_section_inner clearfix\">\n<div class=\"wpb_column vc_column_container vc_col-sm-12\">\n<div class=\"vc_column-inner\">\n<div class=\"wpb_wrapper\">\n<div class=\"vc_empty_space\"><\/div>\n<h2 class=\"vc_custom_heading\">ALTYAPI PROJELER\u0130<\/h2>\n<div class=\"vc_empty_space\"><\/div>\n<div class=\"wpb_text_column wpb_content_element \">\n<div class=\"wpb_wrapper\">\n<p>Altyap\u0131 projeleri, kusursuz bir yap\u0131ya sahip olmadan \u00f6nce binan\u0131n tehlikesiz ve do\u011fru bir noktaya temel at\u0131lmas\u0131n\u0131 hedefler. \u0130\u00e7me suyu, at\u0131k su ar\u0131tma, kanalizasyon gibi etkenlerin hepsi altyap\u0131 projelerinin bir konusudur.<\/p>\n<\/div>\n<\/div>\n<\/div>\n<\/div>\n<\/div>\n<\/div>\n<\/div>\n<div class=\"vc_row wpb_row section vc_row-fluid vc_inner \">\n<div class=\" full_section_inner clearfix\">\n<div class=\"wpb_column vc_column_container vc_col-sm-12\">\n<div class=\"vc_column-inner\">\n<div class=\"wpb_wrapper\">\n<div class=\"vc_empty_space\"><\/div>\n<h2 class=\"vc_custom_heading\">RESTORASYON VE G\u00dc\u00c7LEND\u0130RME PROJELER\u0130<\/h2>\n<div class=\"vc_empty_space\"><\/div>\n<div class=\"wpb_text_column wpb_content_element \">\n<div class=\"wpb_wrapper\">\n<p>Bu projeler binan\u0131n zarar g\u00f6ren k\u0131s\u0131mlar\u0131n\u0131 g\u00fc\u00e7lendirmeye ve yenilemeye y\u00f6nelik projelerdir. Her binan\u0131n sil ba\u015ftan yeniden yap\u0131lmas\u0131 m\u00fcmk\u00fcn olmayaca\u011f\u0131 i\u00e7in restorasyon ve g\u00fc\u00e7lendirme projeleri sayesinde sadece hasarl\u0131 alanlar onar\u0131labilir.<\/p>\n<\/div>\n<\/div>\n<\/div>\n<\/div>\n<\/div>\n<\/div>\n<\/div>\n<div class=\"vc_row wpb_row section vc_row-fluid vc_inner \">\n<div class=\" full_section_inner clearfix\">\n<div class=\"wpb_column vc_column_container vc_col-sm-12\">\n<div class=\"vc_column-inner\">\n<div class=\"wpb_wrapper\">\n<div class=\"vc_empty_space\"><\/div>\n<h2 class=\"vc_custom_heading\">BIM S\u0130STEM\u0130 \u0130LE TASARIM<\/h2>\n<div class=\"vc_empty_space\"><\/div>\n<div class=\"wpb_text_column wpb_content_element \">\n<div class=\"wpb_wrapper\">\n<p>T\u00fcrk\u00e7e ismiyle Yap\u0131 Bilgi Modellemesi, binan\u0131n \u00fc\u00e7 boyutlu tasar\u0131m\u0131n\u0131n kolayl\u0131kla yap\u0131labilmesini sa\u011flar. \u00dcstelik bu sistemle sayesinde binan\u0131n yap\u0131m\u0131n\u0131n her a\u015famas\u0131na ula\u015fma ve hakk\u0131nda bilgi alma sa\u011flan\u0131r.<\/p>\n<p>Deniz Enerji Sistemleri olarak son teknolojiyi ve y\u0131llar\u0131n deneyimini farkl\u0131 \u00e7al\u0131\u015fma alanlar\u0131m\u0131zla hizmetinize sunuyoruz.<\/p>\n<\/div>\n<\/div>\n<\/div>\n<\/div>\n<\/div>\n<\/div>\n<\/div>\n<\/div>\n<\/div>\n<\/div>\n<\/div>\n<\/div>\n<\/div>\n<p>[\/vc_column_text][\/vc_column][\/vc_row]<\/p>\n","protected":false},"excerpt":{"rendered":"<p>[vc_row rt_row_background_width=&#8221;fullwidth&#8221; rt_row_content_width=&#8221;default&#8221; rt_row_style=&#8221;alt-style-2&#8243; rt_row_borders=&#8221;&#8221; rt_row_shadows=&#8221;&#8221; rt_row_paddings=&#8221;true&#8221; rt_bg_effect=&#8221;parallax&#8221; rt_bg_parallax_effect=&#8221;1&#8243; rt_bg_image_repeat=&#8221;repeat&#8221; rt_bg_size=&#8221;cover&#8221; rt_bg_position=&#8221;center top&#8221; rt_bg_video_format=&#8221;self-hosted&#8221; rt_bg_image=&#8221;3963&#8243; rt_padding_top=&#8221;190&#8243; rt_padding_bottom=&#8221;0&#8243;][vc_column width=&#8221;1\/2&#8243; rt_column_shadow=&#8221;&#8221; rt_bg_image_repeat=&#8221;repeat&#8221; rt_bg_size=&#8221;auto auto&#8221; rt_bg_attachment=&#8221;scroll&#8221;][vc_custom_heading text=&#8221;Projelendirme&#8221;][\/vc_column][vc_column width=&#8221;1\/2&#8243; rt_column_shadow=&#8221;&#8221;<span class=\"excerpt-hellip\"> [\u2026]<\/span><\/p>\n","protected":false},"author":1,"featured_media":0,"parent":242,"menu_order":0,"comment_status":"closed","ping_status":"closed","template":"","meta":[],"_links":{"self":[{"href":"https:\/\/www.denizenerjisistemleri.com\/index.php?rest_route=\/wp\/v2\/pages\/244"}],"collection":[{"href":"https:\/\/www.denizenerjisistemleri.com\/index.php?rest_route=\/wp\/v2\/pages"}],"about":[{"href":"https:\/\/www.denizenerjisistemleri.com\/index.php?rest_route=\/wp\/v2\/types\/page"}],"author":[{"embeddable":true,"href":"https:\/\/www.denizenerjisistemleri.com\/index.php?rest_route=\/wp\/v2\/users\/1"}],"replies":[{"embeddable":true,"href":"https:\/\/www.denizenerjisistemleri.com\/index.php?rest_route=%2Fwp%2Fv2%2Fcomments&post=244"}],"version-history":[{"count":4,"href":"https:\/\/www.denizenerjisistemleri.com\/index.php?rest_route=\/wp\/v2\/pages\/244\/revisions"}],"predecessor-version":[{"id":346,"href":"https:\/\/www.denizenerjisistemleri.com\/index.php?rest_route=\/wp\/v2\/pages\/244\/revisions\/346"}],"up":[{"embeddable":true,"href":"https:\/\/www.denizenerjisistemleri.com\/index.php?rest_route=\/wp\/v2\/pages\/242"}],"wp:attachment":[{"href":"https:\/\/www.denizenerjisistemleri.com\/index.php?rest_route=%2Fwp%2Fv2%2Fmedia&parent=244"}],"curies":[{"name":"wp","href":"https:\/\/api.w.org\/{rel}","templated":true}]}}